{"id":3,"date":"2025-10-03T06:25:32","date_gmt":"2025-10-03T06:25:32","guid":{"rendered":"https:\/\/juanxxiii.com.co\/?page_id=3"},"modified":"2026-01-11T02:53:22","modified_gmt":"2026-01-11T02:53:22","slug":"privacy-policy","status":"publish","type":"page","link":"https:\/\/juanxxiii.com.co\/index.php\/privacy-policy\/","title":{"rendered":"El Movimiento"},"content":{"rendered":"\t\t<div data-elementor-type=\"wp-page\" data-elementor-id=\"3\" class=\"elementor elementor-3\">\n\t\t\t\t<div class=\"elementor-element elementor-element-62cb0f2 e-flex e-con-boxed e-con e-parent\" data-id=\"62cb0f2\" data-element_type=\"container\">\n\t\t\t\t\t<div class=\"e-con-inner\">\n\t\t\t\t<div class=\"elementor-element elementor-element-62302e4 elementor-widget elementor-widget-heading\" data-id=\"62302e4\" data-element_type=\"widget\" data-widget_type=\"heading.default\">\n\t\t\t\t\t<h2 class=\"elementor-heading-title elementor-size-default\">El Movimiento....<\/h2>\t\t\t\t<\/div>\n\t\t\t\t\t<\/div>\n\t\t\t\t<\/div>\n\t\t<div class=\"elementor-element elementor-element-60f281c e-flex e-con-boxed e-con e-parent\" data-id=\"60f281c\" data-element_type=\"container\" data-settings=\"{&quot;background_background&quot;:&quot;gradient&quot;}\">\n\t\t\t\t\t<div class=\"e-con-inner\">\n\t\t\t\t<div class=\"elementor-element elementor-element-b98da8d elementor-widget elementor-widget-text-editor\" data-id=\"b98da8d\" data-element_type=\"widget\" data-widget_type=\"text-editor.default\">\n\t\t\t\t\t\t\t\t\t<p>El Movimiento de Retiros Parroquiales Juan XXIII, nace en la Di\u00f3cesis de Arecibo, Puerto Rico. Esta Di\u00f3cesis fue creada bajo el pontificado del Papa Juan XXIII. La inspiraci\u00f3n viene con ocasi\u00f3n de un Viernes Santo, 27 de Marzo de 1970, en el que el fundador, el Sr. Nelson Rivera Beauchamp, al no poder asistir a los oficios del d\u00eda, viendo la pel\u00edcula de la vida de San Francisco de As\u00eds antelas palabras \u201creconstruye mi Iglesia\u201d sinti\u00f3 \u00e9l tambi\u00e9n el deber de hacer algo. Comenz\u00f3 haciendo reuniones por su comunidad parroquial en las que, a trav\u00e9s de la lectura y reflexi\u00f3n del evangelio, se buscaba atraer de nuevo a los alejados de la Iglesia. El Movimiento nace como tal con el primer retiro celebrado del 13 al 15 de julio de 1973.\u00a0<\/p>\t\t\t\t\t\t\t\t<\/div>\n\t\t\t\t\t<\/div>\n\t\t\t\t<\/div>\n\t\t<div class=\"elementor-element elementor-element-495ea22 e-grid e-con-boxed e-con e-parent\" data-id=\"495ea22\" data-element_type=\"container\">\n\t\t\t\t\t<div class=\"e-con-inner\">\n\t\t<div class=\"elementor-element elementor-element-b046022 e-con-full e-flex e-con e-child\" data-id=\"b046022\" data-element_type=\"container\" data-settings=\"{&quot;background_background&quot;:&quot;gradient&quot;}\">\n\t\t\t\t<div class=\"elementor-element elementor-element-79745ad elementor-position-top elementor-widget elementor-widget-image-box\" data-id=\"79745ad\" data-element_type=\"widget\" data-widget_type=\"image-box.default\">\n\t\t\t\t\t<div class=\"elementor-image-box-wrapper\"><figure class=\"elementor-image-box-img\"><img decoding=\"async\" src=\"https:\/\/juanxxiii.com.co\/wp-content\/plugins\/elementor\/assets\/images\/placeholder.png\" title=\"\" alt=\"\" loading=\"lazy\" \/><\/figure><div class=\"elementor-image-box-content\"><h3 class=\"elementor-image-box-title\">Misi\u00f3n<\/h3><p class=\"elementor-image-box-description\">1. El Movimiento de Retiros Parroquiales Juan XXIII es misionero por\u00a0naturaleza, siguiendo el mandato de nuestro Se\u00f1or Jesucristo dado a la Iglesia: anunciar el Evangelio a todos los hombres.\n\n2. Evangelizar es la vocaci\u00f3n propia de la Iglesia. El movimiento se inserta, por tanto, en la vocaci\u00f3n propia de ella. Y, por otro lado, ayuda al obispo de la Iglesia particular en las necesidades y servicios diocesanos que se requieran.\n\n3. Para el cumplimiento de esta misi\u00f3n, el Movimiento Juan XXIII tiene una m\u00edstica propia, un carisma, una espiritualidad, un don que el Se\u00f1or le ha confiado, un esp\u00edritu de servicio enmarcado en el amor, la entrega y el sacrificio, y expresado en una opci\u00f3n de vida: \u201cCon Cristo todo, sin Cristo nada\u201d.<\/p><\/div><\/div>\t\t\t\t<\/div>\n\t\t\t\t<\/div>\n\t\t<div class=\"elementor-element elementor-element-de9766a e-con-full e-flex e-con e-child\" data-id=\"de9766a\" data-element_type=\"container\" data-settings=\"{&quot;background_background&quot;:&quot;gradient&quot;}\">\n\t\t\t\t<div class=\"elementor-element elementor-element-1104aa7 elementor-position-top elementor-widget elementor-widget-image-box\" data-id=\"1104aa7\" data-element_type=\"widget\" data-widget_type=\"image-box.default\">\n\t\t\t\t\t<div class=\"elementor-image-box-wrapper\"><figure class=\"elementor-image-box-img\"><img decoding=\"async\" src=\"https:\/\/juanxxiii.com.co\/wp-content\/plugins\/elementor\/assets\/images\/placeholder.png\" title=\"\" alt=\"\" loading=\"lazy\" \/><\/figure><div class=\"elementor-image-box-content\"><h3 class=\"elementor-image-box-title\">Carisma<\/h3><p class=\"elementor-image-box-description\">El carisma del Movimiento de Retiros Parroquiales Juan XXIII radica en ser un movimiento de evangelizaci\u00f3n para los m\u00e1s alejados de la fe, de la Iglesia, los marginados y los que por alguna raz\u00f3n no han recibido el anuncio kerigm\u00e1tico \n\nEl retiro puede ser propuesto tambi\u00e9n a los no cat\u00f3licos y a quien lo necesita: \u00abDios quiere que todos los hombres sean salvados y alcancen el conocimiento de la verdad\u00bb (1Tm 2, 4).<\/p><\/div><\/div>\t\t\t\t<\/div>\n\t\t\t\t<\/div>\n\t\t<div class=\"elementor-element elementor-element-547ed43 e-con-full e-flex e-con e-child\" data-id=\"547ed43\" data-element_type=\"container\" data-settings=\"{&quot;background_background&quot;:&quot;gradient&quot;}\">\n\t\t\t\t<div class=\"elementor-element elementor-element-12af720 elementor-position-top elementor-widget elementor-widget-image-box\" data-id=\"12af720\" data-element_type=\"widget\" data-widget_type=\"image-box.default\">\n\t\t\t\t\t<div class=\"elementor-image-box-wrapper\"><figure class=\"elementor-image-box-img\"><img decoding=\"async\" src=\"https:\/\/juanxxiii.com.co\/wp-content\/plugins\/elementor\/assets\/images\/placeholder.png\" title=\"\" alt=\"\" loading=\"lazy\" \/><\/figure><div class=\"elementor-image-box-content\"><h3 class=\"elementor-image-box-title\">Espiritualidad<\/h3><p class=\"elementor-image-box-description\">La espiritualidad del Movimiento de Retiros Parroquiales Juan XXIII descansa sobre la columna vertebral de la Eucarist\u00eda, el sacrificio y la devoci\u00f3n a la Sant\u00edsima Virgen Mar\u00eda bajo la advocaci\u00f3n de la Virgen del Carmen.<\/p><\/div><\/div>\t\t\t\t<\/div>\n\t\t\t\t<\/div>\n\t\t\t\t\t<\/div>\n\t\t\t\t<\/div>\n\t\t\t\t<\/div>\n\t\t","protected":false},"excerpt":{"rendered":"<p>El Movimiento&#8230;. El Movimiento de Retiros Parroquiales Juan XXIII, nace en la Di\u00f3cesis de Arecibo, Puerto Rico. Esta Di\u00f3cesis fue [&hellip;]<\/p>\n","protected":false},"author":1,"featured_media":0,"parent":0,"menu_order":0,"comment_status":"closed","ping_status":"open","template":"","meta":{"footnotes":""},"class_list":["post-3","page","type-page","status-publish","hentry"],"yoast_head":"<!-- This site is optimized with the Yoast SEO plugin v26.3 - https:\/\/yoast.com\/wordpress\/plugins\/seo\/ -->\n<title>El Movimiento - Movimiento Juan XXIII Colombia<\/title>\n<meta name=\"robots\" content=\"index, follow, max-snippet:-1, max-image-preview:large, max-video-preview:-1\" \/>\n<link rel=\"canonical\" href=\"https:\/\/juanxxiii.com.co\/index.php\/privacy-policy\/\" \/>\n<meta property=\"og:locale\" content=\"es_ES\" \/>\n<meta property=\"og:type\" content=\"article\" \/>\n<meta property=\"og:title\" content=\"El Movimiento - Movimiento Juan XXIII Colombia\" \/>\n<meta property=\"og:description\" content=\"El Movimiento&#8230;. El Movimiento de Retiros Parroquiales Juan XXIII, nace en la Di\u00f3cesis de Arecibo, Puerto Rico. Esta Di\u00f3cesis fue [&hellip;]\" \/>\n<meta property=\"og:url\" content=\"https:\/\/juanxxiii.com.co\/index.php\/privacy-policy\/\" \/>\n<meta property=\"og:site_name\" content=\"Movimiento Juan XXIII Colombia\" \/>\n<meta property=\"article:modified_time\" content=\"2026-01-11T02:53:22+00:00\" \/>\n<meta property=\"og:image\" content=\"https:\/\/juanxxiii.com.co\/wp-content\/plugins\/elementor\/assets\/images\/placeholder.png\" \/>\n<meta name=\"twitter:card\" content=\"summary_large_image\" \/>\n<meta name=\"twitter:label1\" content=\"Tiempo de lectura\" \/>\n\t<meta name=\"twitter:data1\" content=\"3 minutos\" \/>\n<script type=\"application\/ld+json\" class=\"yoast-schema-graph\">{\"@context\":\"https:\/\/schema.org\",\"@graph\":[{\"@type\":\"WebPage\",\"@id\":\"https:\/\/juanxxiii.com.co\/index.php\/privacy-policy\/\",\"url\":\"https:\/\/juanxxiii.com.co\/index.php\/privacy-policy\/\",\"name\":\"El Movimiento - Movimiento Juan XXIII Colombia\",\"isPartOf\":{\"@id\":\"https:\/\/juanxxiii.com.co\/#website\"},\"primaryImageOfPage\":{\"@id\":\"https:\/\/juanxxiii.com.co\/index.php\/privacy-policy\/#primaryimage\"},\"image\":{\"@id\":\"https:\/\/juanxxiii.com.co\/index.php\/privacy-policy\/#primaryimage\"},\"thumbnailUrl\":\"https:\/\/juanxxiii.com.co\/wp-content\/plugins\/elementor\/assets\/images\/placeholder.png\",\"datePublished\":\"2025-10-03T06:25:32+00:00\",\"dateModified\":\"2026-01-11T02:53:22+00:00\",\"breadcrumb\":{\"@id\":\"https:\/\/juanxxiii.com.co\/index.php\/privacy-policy\/#breadcrumb\"},\"inLanguage\":\"es-CO\",\"potentialAction\":[{\"@type\":\"ReadAction\",\"target\":[\"https:\/\/juanxxiii.com.co\/index.php\/privacy-policy\/\"]}]},{\"@type\":\"ImageObject\",\"inLanguage\":\"es-CO\",\"@id\":\"https:\/\/juanxxiii.com.co\/index.php\/privacy-policy\/#primaryimage\",\"url\":\"https:\/\/juanxxiii.com.co\/wp-content\/plugins\/elementor\/assets\/images\/placeholder.png\",\"contentUrl\":\"https:\/\/juanxxiii.com.co\/wp-content\/plugins\/elementor\/assets\/images\/placeholder.png\"},{\"@type\":\"BreadcrumbList\",\"@id\":\"https:\/\/juanxxiii.com.co\/index.php\/privacy-policy\/#breadcrumb\",\"itemListElement\":[{\"@type\":\"ListItem\",\"position\":1,\"name\":\"Inicio\",\"item\":\"https:\/\/juanxxiii.com.co\/\"},{\"@type\":\"ListItem\",\"position\":2,\"name\":\"El Movimiento\"}]},{\"@type\":\"WebSite\",\"@id\":\"https:\/\/juanxxiii.com.co\/#website\",\"url\":\"https:\/\/juanxxiii.com.co\/\",\"name\":\"Movimiento Juan XXIII Colombia\",\"description\":\"\",\"publisher\":{\"@id\":\"https:\/\/juanxxiii.com.co\/#organization\"},\"potentialAction\":[{\"@type\":\"SearchAction\",\"target\":{\"@type\":\"EntryPoint\",\"urlTemplate\":\"https:\/\/juanxxiii.com.co\/?s={search_term_string}\"},\"query-input\":{\"@type\":\"PropertyValueSpecification\",\"valueRequired\":true,\"valueName\":\"search_term_string\"}}],\"inLanguage\":\"es-CO\"},{\"@type\":\"Organization\",\"@id\":\"https:\/\/juanxxiii.com.co\/#organization\",\"name\":\"Movimiento Juan XXIII Colombia\",\"url\":\"https:\/\/juanxxiii.com.co\/\",\"logo\":{\"@type\":\"ImageObject\",\"inLanguage\":\"es-CO\",\"@id\":\"https:\/\/juanxxiii.com.co\/#\/schema\/logo\/image\/\",\"url\":\"https:\/\/juanxxiii.com.co\/wp-content\/uploads\/2025\/10\/cropped-logo-1.png\",\"contentUrl\":\"https:\/\/juanxxiii.com.co\/wp-content\/uploads\/2025\/10\/cropped-logo-1.png\",\"width\":172,\"height\":172,\"caption\":\"Movimiento Juan XXIII Colombia\"},\"image\":{\"@id\":\"https:\/\/juanxxiii.com.co\/#\/schema\/logo\/image\/\"}}]}<\/script>\n<!-- \/ Yoast SEO plugin. -->","yoast_head_json":{"title":"El Movimiento - Movimiento Juan XXIII Colombia","robots":{"index":"index","follow":"follow","max-snippet":"max-snippet:-1","max-image-preview":"max-image-preview:large","max-video-preview":"max-video-preview:-1"},"canonical":"https:\/\/juanxxiii.com.co\/index.php\/privacy-policy\/","og_locale":"es_ES","og_type":"article","og_title":"El Movimiento - Movimiento Juan XXIII Colombia","og_description":"El Movimiento&#8230;. El Movimiento de Retiros Parroquiales Juan XXIII, nace en la Di\u00f3cesis de Arecibo, Puerto Rico. Esta Di\u00f3cesis fue [&hellip;]","og_url":"https:\/\/juanxxiii.com.co\/index.php\/privacy-policy\/","og_site_name":"Movimiento Juan XXIII Colombia","article_modified_time":"2026-01-11T02:53:22+00:00","og_image":[{"url":"https:\/\/juanxxiii.com.co\/wp-content\/plugins\/elementor\/assets\/images\/placeholder.png","type":"","width":"","height":""}],"twitter_card":"summary_large_image","twitter_misc":{"Tiempo de lectura":"3 minutos"},"schema":{"@context":"https:\/\/schema.org","@graph":[{"@type":"WebPage","@id":"https:\/\/juanxxiii.com.co\/index.php\/privacy-policy\/","url":"https:\/\/juanxxiii.com.co\/index.php\/privacy-policy\/","name":"El Movimiento - Movimiento Juan XXIII Colombia","isPartOf":{"@id":"https:\/\/juanxxiii.com.co\/#website"},"primaryImageOfPage":{"@id":"https:\/\/juanxxiii.com.co\/index.php\/privacy-policy\/#primaryimage"},"image":{"@id":"https:\/\/juanxxiii.com.co\/index.php\/privacy-policy\/#primaryimage"},"thumbnailUrl":"https:\/\/juanxxiii.com.co\/wp-content\/plugins\/elementor\/assets\/images\/placeholder.png","datePublished":"2025-10-03T06:25:32+00:00","dateModified":"2026-01-11T02:53:22+00:00","breadcrumb":{"@id":"https:\/\/juanxxiii.com.co\/index.php\/privacy-policy\/#breadcrumb"},"inLanguage":"es-CO","potentialAction":[{"@type":"ReadAction","target":["https:\/\/juanxxiii.com.co\/index.php\/privacy-policy\/"]}]},{"@type":"ImageObject","inLanguage":"es-CO","@id":"https:\/\/juanxxiii.com.co\/index.php\/privacy-policy\/#primaryimage","url":"https:\/\/juanxxiii.com.co\/wp-content\/plugins\/elementor\/assets\/images\/placeholder.png","contentUrl":"https:\/\/juanxxiii.com.co\/wp-content\/plugins\/elementor\/assets\/images\/placeholder.png"},{"@type":"BreadcrumbList","@id":"https:\/\/juanxxiii.com.co\/index.php\/privacy-policy\/#breadcrumb","itemListElement":[{"@type":"ListItem","position":1,"name":"Inicio","item":"https:\/\/juanxxiii.com.co\/"},{"@type":"ListItem","position":2,"name":"El Movimiento"}]},{"@type":"WebSite","@id":"https:\/\/juanxxiii.com.co\/#website","url":"https:\/\/juanxxiii.com.co\/","name":"Movimiento Juan XXIII Colombia","description":"","publisher":{"@id":"https:\/\/juanxxiii.com.co\/#organization"},"potentialAction":[{"@type":"SearchAction","target":{"@type":"EntryPoint","urlTemplate":"https:\/\/juanxxiii.com.co\/?s={search_term_string}"},"query-input":{"@type":"PropertyValueSpecification","valueRequired":true,"valueName":"search_term_string"}}],"inLanguage":"es-CO"},{"@type":"Organization","@id":"https:\/\/juanxxiii.com.co\/#organization","name":"Movimiento Juan XXIII Colombia","url":"https:\/\/juanxxiii.com.co\/","logo":{"@type":"ImageObject","inLanguage":"es-CO","@id":"https:\/\/juanxxiii.com.co\/#\/schema\/logo\/image\/","url":"https:\/\/juanxxiii.com.co\/wp-content\/uploads\/2025\/10\/cropped-logo-1.png","contentUrl":"https:\/\/juanxxiii.com.co\/wp-content\/uploads\/2025\/10\/cropped-logo-1.png","width":172,"height":172,"caption":"Movimiento Juan XXIII Colombia"},"image":{"@id":"https:\/\/juanxxiii.com.co\/#\/schema\/logo\/image\/"}}]}},"_links":{"self":[{"href":"https:\/\/juanxxiii.com.co\/index.php\/wp-json\/wp\/v2\/pages\/3","targetHints":{"allow":["GET"]}}],"collection":[{"href":"https:\/\/juanxxiii.com.co\/index.php\/wp-json\/wp\/v2\/pages"}],"about":[{"href":"https:\/\/juanxxiii.com.co\/index.php\/wp-json\/wp\/v2\/types\/page"}],"author":[{"embeddable":true,"href":"https:\/\/juanxxiii.com.co\/index.php\/wp-json\/wp\/v2\/users\/1"}],"replies":[{"embeddable":true,"href":"https:\/\/juanxxiii.com.co\/index.php\/wp-json\/wp\/v2\/comments?post=3"}],"version-history":[{"count":6,"href":"https:\/\/juanxxiii.com.co\/index.php\/wp-json\/wp\/v2\/pages\/3\/revisions"}],"predecessor-version":[{"id":86,"href":"https:\/\/juanxxiii.com.co\/index.php\/wp-json\/wp\/v2\/pages\/3\/revisions\/86"}],"wp:attachment":[{"href":"https:\/\/juanxxiii.com.co\/index.php\/wp-json\/wp\/v2\/media?parent=3"}],"curies":[{"name":"wp","href":"https:\/\/api.w.org\/{rel}","templated":true}]}}